{"id":979,"date":"2024-03-15T20:38:15","date_gmt":"2024-03-15T20:38:15","guid":{"rendered":"https:\/\/capacitysystem.com\/ueber-uns\/"},"modified":"2024-08-30T12:37:01","modified_gmt":"2024-08-30T12:37:01","slug":"ueber-uns","status":"publish","type":"page","link":"https:\/\/capacitysystem.com\/de\/ueber-uns\/","title":{"rendered":"\u00dcber uns"},"content":{"rendered":"\t\t<div data-elementor-type=\"wp-page\" data-elementor-id=\"979\" class=\"elementor elementor-979 elementor-24\" data-elementor-post-type=\"page\">\n\t\t\t\t\t\t<section class=\"elementor-section elementor-top-section elementor-element elementor-element-af1dcee elementor-section-full_width elementor-section-height-default elementor-section-height-default\" data-id=\"af1dcee\" data-element_type=\"section\" id=\"start\" data-settings=\"{&quot;background_background&quot;:&quot;classic&quot;}\">\n\t\t\t\t\t\t<div class=\"elementor-container elementor-column-gap-no\">\n\t\t\t\t\t<div class=\"elementor-column elementor-col-100 elementor-top-column elementor-element elementor-element-3c50c4a\" data-id=\"3c50c4a\" data-element_type=\"column\">\n\t\t\t<div class=\"elementor-widget-wrap elementor-element-populated\">\n\t\t\t\t\t\t<div class=\"elementor-element elementor-element-293e97d elementor-widget elementor-widget-heading\" data-id=\"293e97d\" data-element_type=\"widget\" data-widget_type=\"heading.default\">\n\t\t\t\t<div class=\"elementor-widget-container\">\n\t\t\t<h2 class=\"elementor-heading-title elementor-size-default\">  \u00dcber uns  <\/h2>\t\t<\/div>\n\t\t\t\t<\/div>\n\t\t\t\t<div class=\"elementor-element elementor-element-544e0b3 elementor-widget elementor-widget-image-carousel\" data-id=\"544e0b3\" data-element_type=\"widget\" data-settings=\"{&quot;slides_to_show&quot;:&quot;1&quot;,&quot;navigation&quot;:&quot;none&quot;,&quot;autoplay&quot;:&quot;yes&quot;,&quot;pause_on_hover&quot;:&quot;yes&quot;,&quot;pause_on_interaction&quot;:&quot;yes&quot;,&quot;autoplay_speed&quot;:5000,&quot;infinite&quot;:&quot;yes&quot;,&quot;effect&quot;:&quot;slide&quot;,&quot;speed&quot;:500}\" data-widget_type=\"image-carousel.default\">\n\t\t\t\t<div class=\"elementor-widget-container\">\n\t\t\t\t\t<div class=\"elementor-image-carousel-wrapper swiper-container\" dir=\"ltr\">\n\t\t\t<div class=\"elementor-image-carousel swiper-wrapper swiper-image-stretch\" aria-live=\"off\">\n\t\t\t\t\t\t\t\t<div class=\"swiper-slide\" role=\"group\" aria-roledescription=\"slide\" aria-label=\"1 von 3\"><figure class=\"swiper-slide-inner\"><img decoding=\"async\" class=\"swiper-slide-image\" src=\"https:\/\/capacitysystem.com\/wp-content\/uploads\/2024\/03\/CP1-1280x783-1.jpg\" alt=\"CP1-1280x783\" loading=\"lazy\" \/><\/figure><\/div><div class=\"swiper-slide\" role=\"group\" aria-roledescription=\"slide\" aria-label=\"2 von 3\"><figure class=\"swiper-slide-inner\"><img decoding=\"async\" class=\"swiper-slide-image\" src=\"https:\/\/capacitysystem.com\/wp-content\/uploads\/2024\/03\/CP2-1280x853-1.jpg\" alt=\"CP2-1280x853\" loading=\"lazy\" \/><\/figure><\/div><div class=\"swiper-slide\" role=\"group\" aria-roledescription=\"slide\" aria-label=\"3 von 3\"><figure class=\"swiper-slide-inner\"><img decoding=\"async\" class=\"swiper-slide-image\" src=\"https:\/\/capacitysystem.com\/wp-content\/uploads\/2024\/03\/CP7-1024x683-1.jpg\" alt=\"CP7-1024x683\" loading=\"lazy\" \/><\/figure><\/div>\t\t\t<\/div>\n\t\t\t\t\t\t\t\n\t\t\t\t\t\t\t\t\t<\/div>\n\t\t\t\t<\/div>\n\t\t\t\t<\/div>\n\t\t\t\t<section class=\"elementor-section elementor-inner-section elementor-element elementor-element-69140f3 elementor-section-full_width elementor-section-height-default elementor-section-height-default\" data-id=\"69140f3\" data-element_type=\"section\">\n\t\t\t\t\t\t<div class=\"elementor-container elementor-column-gap-no\">\n\t\t\t\t\t<div class=\"elementor-column elementor-col-100 elementor-inner-column elementor-element elementor-element-18074af\" data-id=\"18074af\" data-element_type=\"column\">\n\t\t\t<div class=\"elementor-widget-wrap elementor-element-populated\">\n\t\t\t\t\t\t<div class=\"elementor-element elementor-element-b5dea36 elementor-widget elementor-widget-text-editor\" data-id=\"b5dea36\" data-element_type=\"widget\" data-widget_type=\"text-editor.default\">\n\t\t\t\t<div class=\"elementor-widget-container\">\n\t\t\t\t\t\t\t<div class=\"row one-col-row row-col-amt-1 absolute-positioning-vertically-in-apl no-stickies no-y-offsets no-horizontal-grid no-webglslideshow no-row-hoverimage row-id-7 row-34\" data-collapsed=\"false\">\n<div class=\"row-inner \">\n<div class=\"column-wrap \">\n<div class=\"col no-offset place-normal push-2 span-8 colstart-2 colend-10 no-frame-overflow align-top first-child no-parallax type-text id-12 no-sticky in-view\" data-type=\"text\" data-yvel=\"1\">\n<div class=\"text lay-textformat-parent text_12 \">\n<p>Capacity System ist ein tschechisches Unternehmen, das 2018 gegr\u00fcndet wurde. Vorausgegangen war das Smart B\u00e4nke Projekt, das auf die Nachfrage der beliebten Smart City Welle reagierte. Es stellte sich jedoch heraus, dass ohnehin keine Stadt in der Lage war, die Smart Daten, die das Produkt gesammelt hat, sinnvoll zu nutzen.<\/p>\n<p>Heute wissen wir, dass smarte St\u00e4dte diejenigen sind, die einen hochwertigen \u00f6ffentlichen Raum schaffen und ihn langfristig pflegen k\u00f6nnen. Capacity System strebt eine gesunde Stadt an, unterst\u00fctzt das Regenwassermanagement und die Integration von Gr\u00fcnfl\u00e4chen in den \u00f6ffentlichen Raum. Nur gesunde St\u00e4dte voller effektiver Gr\u00fcnfl\u00e4chen k\u00f6nnen auf lange Sicht nachhaltig sein.<\/p>\n<p>Zus\u00e4tzlich zur Produktlinie des Stadtmobiliars bieten wir Design- und Beratungst\u00e4tigkeiten f\u00fcr die Gestaltung und Umsetzung blau-gr\u00fcner Infrastruktur an. Unsere Produkte werden in der Tschechischen Republik hergestellt. Die Endbearbeitung der Teile und die komplette Montage erfolgt in Werkst\u00e4tten in Koso\u0159ice bei Mlad\u00e1 Boleslav.<\/p>\n<\/div>\n<\/div>\n<\/div>\n<\/div>\n<\/div>\n\t\t\t\t\t\t<\/div>\n\t\t\t\t<\/div>\n\t\t\t\t\t<\/div>\n\t\t<\/div>\n\t\t\t\t\t<\/div>\n\t\t<\/section>\n\t\t\t\t\t<\/div>\n\t\t<\/div>\n\t\t\t\t\t<\/div>\n\t\t<\/section>\n\t\t\t\t<\/div>\n\t\t","protected":false},"excerpt":{"rendered":"<p>\u00dcber uns Capacity System ist ein tschechisches Unternehmen, das 2018 gegr\u00fcndet wurde. Vorausgegangen war das Smart B\u00e4nke Projekt, das auf [&hellip;]<\/p>\n","protected":false},"author":1,"featured_media":0,"parent":0,"menu_order":0,"comment_status":"closed","ping_status":"closed","template":"elementor_canvas","meta":{"_acf_changed":false,"site-sidebar-layout":"no-sidebar","site-content-layout":"","ast-site-content-layout":"full-width-container","site-content-style":"default","site-sidebar-style":"default","ast-global-header-display":"","ast-banner-title-visibility":"","ast-main-header-display":"","ast-hfb-above-header-display":"","ast-hfb-below-header-display":"","ast-hfb-mobile-header-display":"","site-post-title":"disabled","ast-breadcrumbs-content":"","ast-featured-img":"disabled","footer-sml-layout":"","theme-transparent-header-meta":"","adv-header-id-meta":"","stick-header-meta":"","header-above-stick-meta":"","header-main-stick-meta":"","header-below-stick-meta":"","astra-migrate-meta-layouts":"default","ast-page-background-enabled":"default","ast-page-background-meta":{"desktop":{"background-color":"var(--ast-global-color-4)","background-image":"","background-repeat":"repeat","background-position":"center center","background-size":"auto","background-attachment":"scroll","background-type":"","background-media":"","overlay-type":"","overlay-color":"","overlay-opacity":"","overlay-gradient":""},"tablet":{"background-color":"","background-image":"","background-repeat":"repeat","background-position":"center center","background-size":"auto","background-attachment":"scroll","background-type":"","background-media":"","overlay-type":"","overlay-color":"","overlay-opacity":"","overlay-gradient":""},"mobile":{"background-color":"","background-image":"","background-repeat":"repeat","background-position":"center center","background-size":"auto","background-attachment":"scroll","background-type":"","background-media":"","overlay-type":"","overlay-color":"","overlay-opacity":"","overlay-gradient":""}},"ast-content-background-meta":{"desktop":{"background-color":"var(--ast-global-color-5)","background-image":"","background-repeat":"repeat","background-position":"center center","background-size":"auto","background-attachment":"scroll","background-type":"","background-media":"","overlay-type":"","overlay-color":"","overlay-opacity":"","overlay-gradient":""},"tablet":{"background-color":"var(--ast-global-color-5)","background-image":"","background-repeat":"repeat","background-position":"center center","background-size":"auto","background-attachment":"scroll","background-type":"","background-media":"","overlay-type":"","overlay-color":"","overlay-opacity":"","overlay-gradient":""},"mobile":{"background-color":"var(--ast-global-color-5)","background-image":"","background-repeat":"repeat","background-position":"center center","background-size":"auto","background-attachment":"scroll","background-type":"","background-media":"","overlay-type":"","overlay-color":"","overlay-opacity":"","overlay-gradient":""}},"footnotes":""},"class_list":["post-979","page","type-page","status-publish","hentry"],"acf":[],"_links":{"self":[{"href":"https:\/\/capacitysystem.com\/de\/wp-json\/wp\/v2\/pages\/979","targetHints":{"allow":["GET"]}}],"collection":[{"href":"https:\/\/capacitysystem.com\/de\/wp-json\/wp\/v2\/pages"}],"about":[{"href":"https:\/\/capacitysystem.com\/de\/wp-json\/wp\/v2\/types\/page"}],"author":[{"embeddable":true,"href":"https:\/\/capacitysystem.com\/de\/wp-json\/wp\/v2\/users\/1"}],"replies":[{"embeddable":true,"href":"https:\/\/capacitysystem.com\/de\/wp-json\/wp\/v2\/comments?post=979"}],"version-history":[{"count":12,"href":"https:\/\/capacitysystem.com\/de\/wp-json\/wp\/v2\/pages\/979\/revisions"}],"predecessor-version":[{"id":4728,"href":"https:\/\/capacitysystem.com\/de\/wp-json\/wp\/v2\/pages\/979\/revisions\/4728"}],"wp:attachment":[{"href":"https:\/\/capacitysystem.com\/de\/wp-json\/wp\/v2\/media?parent=979"}],"curies":[{"name":"wp","href":"https:\/\/api.w.org\/{rel}","templated":true}]}}